{"id":54,"date":"2022-01-13T15:36:20","date_gmt":"2022-01-13T15:36:20","guid":{"rendered":"http:\/\/tdi_35_ff6"},"modified":"2022-01-16T18:29:01","modified_gmt":"2022-01-16T18:29:01","slug":"karriera","status":"publish","type":"page","link":"https:\/\/axisgroup.al\/en\/karriera\/","title":{"rendered":"Karriera"},"content":{"rendered":"<div id=\"tdi_1\" class=\"tdc-zone\"><div class=\"tdc_zone tdi_2  wpb_row td-pb-row\"  >\n<style scoped>\n\n\/* custom css *\/\n.tdi_2{\r\n                    min-height: 0;\r\n                }\n<\/style><div id=\"tdi_3\" class=\"tdc-row stretch_row_1400 td-stretch-content\"><div class=\"vc_row tdi_4  wpb_row td-pb-row\" >\n<style scoped>\n\n\/* custom css *\/\n.tdi_4,\r\n                .tdi_4 .tdc-columns{\r\n                    min-height: 0;\r\n                }.tdi_4,\r\n\t\t\t\t.tdi_4 .tdc-columns{\r\n\t\t\t\t    display: block;\r\n\t\t\t\t}.tdi_4 .tdc-columns{\r\n\t\t\t\t    width: 100%;\r\n\t\t\t\t}\n<\/style><div class=\"vc_column tdi_6  wpb_column vc_column_container tdc-column td-pb-span12\">\n<style scoped>\n\n\/* custom css *\/\n.tdi_6{\r\n                    vertical-align: baseline;\r\n                }.tdi_6 > .wpb_wrapper,\r\n\t\t\t\t.tdi_6 > .wpb_wrapper > .tdc-elements{\r\n\t\t\t\t    display: block;\r\n\t\t\t\t}.tdi_6 > .wpb_wrapper > .tdc-elements{\r\n\t\t\t\t    width: 100%;\r\n\t\t\t\t}.tdi_6 > .wpb_wrapper > .vc_row_inner{\r\n\t\t\t\t    width: auto;\r\n\t\t\t\t}.tdi_6 > .wpb_wrapper{\r\n\t\t\t\t    width: auto;\r\n\t\t\t\t    height: auto;\r\n\t\t\t\t}\n<\/style><div class=\"wpb_wrapper\"><div class=\"wpb_wrapper td_block_separator td_block_wrap vc_separator tdi_8  td_separator_solid td_separator_center\"><span style=\"border-color:rgba(255,255,255,0.15);border-width:1px;width:100%;\"><\/span>\n<style scoped>\n\n\/* custom css *\/\n.td_block_separator{\r\n                  width: 100%;\r\n                  align-items: center;\r\n                  margin-bottom: 38px;\r\n                  padding-bottom: 10px;\r\n                }.td_block_separator span{\r\n                  position: relative;\r\n                  display: block;\r\n                  margin: 0 auto;\r\n                  width: 100%;\r\n                  height: 1px;\r\n                  border-top: 1px solid #EBEBEB;\r\n                }.td_separator_align_left span{\r\n                  margin-left: 0;\r\n                }.td_separator_align_right span{\r\n                  margin-right: 0;\r\n                }.td_separator_dashed span{\r\n                  border-top-style: dashed;\r\n                }.td_separator_dotted span{\r\n                  border-top-style: dotted;\r\n                }.td_separator_double span{\r\n                  height: 3px;\r\n                  border-bottom: 1px solid #EBEBEB;\r\n                }.td_separator_shadow > span{\r\n                  position: relative;\r\n                  height: 20px;\r\n                  overflow: hidden;\r\n                  border: 0;\r\n                  color: #EBEBEB;\r\n                }.td_separator_shadow > span > span{\r\n                  position: absolute;\r\n                  top: -30px;\r\n                  left: 0;\r\n                  right: 0;\r\n                  margin: 0 auto;\r\n                  height: 13px;\r\n                  width: 98%;\r\n                  border-radius: 100%;\r\n                }\n\/* inline tdc_css att *\/\n\n.tdi_8{\nmargin-bottom:0px !important;\n}\n\n<\/style><\/div><\/div><\/div><\/div><\/div><div id=\"tdi_9\" class=\"tdc-row stretch_row_content td-stretch-content\"><div class=\"vc_row tdi_10  wpb_row td-pb-row\" >\n<style scoped>\n\n\/* custom css *\/\n.tdi_10,\r\n                .tdi_10 .tdc-columns{\r\n                    min-height: 0;\r\n                }.tdi_10,\r\n\t\t\t\t.tdi_10 .tdc-columns{\r\n\t\t\t\t    display: block;\r\n\t\t\t\t}.tdi_10 .tdc-columns{\r\n\t\t\t\t    width: 100%;\r\n\t\t\t\t}\n<\/style><div class=\"vc_column tdi_12  wpb_column vc_column_container tdc-column td-pb-span12\">\n<style scoped>\n\n\/* custom css *\/\n.tdi_12{\r\n                    vertical-align: baseline;\r\n                }.tdi_12 > .wpb_wrapper,\r\n\t\t\t\t.tdi_12 > .wpb_wrapper > .tdc-elements{\r\n\t\t\t\t    display: block;\r\n\t\t\t\t}.tdi_12 > .wpb_wrapper > .tdc-elements{\r\n\t\t\t\t    width: 100%;\r\n\t\t\t\t}.tdi_12 > .wpb_wrapper > .vc_row_inner{\r\n\t\t\t\t    width: auto;\r\n\t\t\t\t}.tdi_12 > .wpb_wrapper{\r\n\t\t\t\t    width: auto;\r\n\t\t\t\t    height: auto;\r\n\t\t\t\t}\n<\/style><div class=\"wpb_wrapper\"><div class=\"tdm_block td_block_wrap tdm_block_hero tdi_13 tdm-content-horiz-center tdm-content-vert-center td-pb-border-top td_block_template_1 tdm_white_text  tdm-mobile-full td-fix-index\"  data-td-block-uid=\"tdi_13\" >\n<style>\n\/* custom css *\/\n.tdm_block_hero{\r\n                  -webkit-transform: translateZ(0);\r\n                  transform: translateZ(0);\r\n                }.tdm_block_hero:after{\r\n                  content: '';\r\n                  position: absolute;\r\n                  top: 0;\r\n                  left: 0;\r\n                  width: 100%;\r\n                  height: 100%;\r\n                  z-index: -1;\r\n                }.tdm_block_hero .td-block-row{\r\n                  position: relative;\r\n                  height: 600px;\r\n                }.tdm_block_hero.tdm-full-height .td-block-row{\r\n                  height: 100vh !important;\r\n                }.tdm_block_hero .tdm-text-wrap{\r\n                  margin: 40px 0;\r\n                }.tdm_block_hero .tdm-descr{\r\n                  margin-bottom: 0;\r\n                }.tdm_block_hero .tdm-buttons-wrap{\r\n                  margin: 31px -10px 0;\r\n                }.tdm_block_hero .tds-button{\r\n                  display: inline-block;\r\n                  margin-bottom: 10px;\r\n                }.tdm_block_hero .td-block-span12{\r\n                  position: absolute;\r\n                  top: 0;\r\n                  left: 0;\r\n                  width: 100%;\r\n                }.tdm_block_hero .tdm-title{\r\n                  margin-top: 0;\r\n                }.tdm_block_hero.tdm-content-vert-center .td-block-span12{\r\n                  top: 50%;\r\n                  -webkit-transform: translateY(-50%);\r\n                  transform: translateY(-50%);\r\n                }.tdm_block_hero.tdm-content-vert-bottom .td-block-span12{\r\n                  top: auto;\r\n                  bottom: 0;\r\n                }.tdm_block_hero .tdm-btn{\r\n                  margin-left: 10px;\r\n                  margin-right: 10px;\r\n                  -webkit-transform: none;\r\n                  transform: none;\r\n                }.tdi_13 .td-block-width{\r\n                    max-width: 1200px;\r\n                }.tdi_13 .td-block-row{\r\n                    height: 600px;\r\n                }body .tdi_13:after{\r\n\t\t\t\t\tbackground: -webkit-linear-gradient(0deg,rgba(0,0,0,0.85),rgba(22,112,191,0.85));background: linear-gradient(0deg,rgba(0,0,0,0.85),rgba(22,112,191,0.85));\r\n\t\t\t\t}.tdi_13:before{\r\n\t\t\t\t\tcontent: '';\r\n                    position: absolute;\r\n                    top: 0;\r\n                    left: 0;\r\n                    width: 100%;\r\n                    height: 100%;\r\n\t\t\t\t\tbackground-image: url(https:\/\/axisgroup.al\/wp-content\/uploads\/2022\/01\/187-1876542_construction-phase-civil-engineering-construction-worker.jpg);\r\n                    background-repeat: no-repeat;\r\n                    background-size: cover;\r\n                    background-position: center center;\r\n                    z-index: -1;\r\n\t\t\t\t\r\n\t\t\t\t\tbackground-position: top;\r\n\t\t\t\t}@media (max-width: 767px) {\r\n                  .tdm_block_hero .td-block-row .tdm-col {\r\n                    float: none;\r\n                  }\r\n                }\n<\/style><div class=\"td-block-width\"><div class=\"td-block-row\"><div class=\"td-block-span12 tdm-col\"><div class=\"tdm-text-wrap tdm-text-padding\">\n<style>\n\n<\/style><div class=\"tds-title tds-title1 td-fix-index tdi_14\"><h3 class=\"tdm-title tdm-title-bg\">Standartet, Sinergjia dhe Punonj\u00ebsit<\/h3><\/div><p class=\"tdm-descr\">\u201cAxis Group\u201d ka zgjedhur t\u00eb zhvillohet n\u00ebp\u00ebrmjet aplikimit t\u00eb standarteve m\u00eb t\u00eb larta n\u00eb t\u00eb gjitha fushat ku operon. Ne jemi gjithmone ne k\u00ebrkim t\u00eb m\u00eb s\u00eb mir\u00ebs, dhe  kjo \u00ebsht\u00eb dhe arsyeja pse ne kemi lidhur mar\u00ebdh\u00ebnje shum\u00eb t\u00eb mira me bashk\u00ebpun\u00ebtor\u00eb q\u00eb ofrojne produkte  t\u00eb nj\u00eb cil\u00ebsie maksimale. <br><br>Grupi jon\u00eb funksionon dhe rritet fal\u00eb mb\u00ebshtetjes, sinergjis\u00eb dhe shk\u00ebmbimit t\u00eb p\u00ebrvojave ndermjet te gjithe sektoreve. <br>\nEkipi yn\u00eb ka demonstruar  lidership me p\u00ebrvoj\u00eb, nj\u00eb pasuri njohurish dhe mir\u00ebkuptimi p\u00ebr nevojat e klientit, komunikim t\u00eb qart\u00eb e t\u00eb hapur , pasion dhe p\u00ebrsosm\u00ebri t\u00eb pashembullt. \n<\/p><\/div><\/div><\/div><\/div><\/div><div class=\"tdm_block td_block_wrap tdm_block_hero tdi_15 tdm-content-horiz-center tdm-content-vert-center td-pb-border-top td_block_template_1 tdm_white_text  tdm-mobile-full td-fix-index\"  data-td-block-uid=\"tdi_15\" >\n<style>\n\/* custom css *\/\n.tdi_15 .td-block-width{\r\n                    max-width: 1200px;\r\n                }.tdi_15 .td-block-row{\r\n                    height: 600px;\r\n                }body .tdi_15:after{\r\n\t\t\t\t\tbackground: -webkit-linear-gradient(0deg,rgba(0,0,0,0.85),rgba(22,112,191,0.85));background: linear-gradient(0deg,rgba(0,0,0,0.85),rgba(22,112,191,0.85));\r\n\t\t\t\t}.tdi_15:before{\r\n\t\t\t\t\tcontent: '';\r\n                    position: absolute;\r\n                    top: 0;\r\n                    left: 0;\r\n                    width: 100%;\r\n                    height: 100%;\r\n\t\t\t\t\tbackground-image: url(https:\/\/axisgroup.al\/wp-content\/uploads\/2022\/01\/environment-ecology-nature-protection.jpg);\r\n                    background-repeat: no-repeat;\r\n                    background-size: cover;\r\n                    background-position: center center;\r\n                    z-index: -1;\r\n\t\t\t\t\r\n\t\t\t\t\tbackground-position: top;\r\n\t\t\t\t}\n<\/style><div class=\"td-block-width\"><div class=\"td-block-row\"><div class=\"td-block-span12 tdm-col\"><div class=\"tdm-text-wrap tdm-text-padding\">\n<style>\n\n<\/style><div class=\"tds-title tds-title1 td-fix-index tdi_16\"><h3 class=\"tdm-title tdm-title-bg\">Mjedisi dhe komuniteti<\/h3><\/div><p class=\"tdm-descr\">Filozofia e pun\u00ebs n\u00eb \u201cAxis Group\u201d ka n\u00eb themel etik\u00ebn, respektimin e vlerave, p\u00ebrgjegjshm\u00ebrin\u00eb maksimale p\u00ebr punonj\u00ebsit, klient\u00ebt, partner\u00ebt, furnitor\u00ebt, komunitetet dhe mjedisin ku operojn\u00eb shoq\u00ebrit\u00eb tona. <\/p><\/div><\/div><\/div><\/div><\/div><\/div><\/div><\/div><\/div><\/div><\/div>","protected":false},"excerpt":{"rendered":"","protected":false},"author":1,"featured_media":0,"parent":0,"menu_order":0,"comment_status":"open","ping_status":"closed","template":"","meta":{"footnotes":""},"class_list":["post-54","page","type-page","status-publish"],"_links":{"self":[{"href":"https:\/\/axisgroup.al\/en\/wp-json\/wp\/v2\/pages\/54","targetHints":{"allow":["GET"]}}],"collection":[{"href":"https:\/\/axisgroup.al\/en\/wp-json\/wp\/v2\/pages"}],"about":[{"href":"https:\/\/axisgroup.al\/en\/wp-json\/wp\/v2\/types\/page"}],"author":[{"embeddable":true,"href":"https:\/\/axisgroup.al\/en\/wp-json\/wp\/v2\/users\/1"}],"replies":[{"embeddable":true,"href":"https:\/\/axisgroup.al\/en\/wp-json\/wp\/v2\/comments?post=54"}],"version-history":[{"count":6,"href":"https:\/\/axisgroup.al\/en\/wp-json\/wp\/v2\/pages\/54\/revisions"}],"predecessor-version":[{"id":233,"href":"https:\/\/axisgroup.al\/en\/wp-json\/wp\/v2\/pages\/54\/revisions\/233"}],"wp:attachment":[{"href":"https:\/\/axisgroup.al\/en\/wp-json\/wp\/v2\/media?parent=54"}],"curies":[{"name":"wp","href":"https:\/\/api.w.org\/{rel}","templated":true}]}}